{"id":193,"date":"2026-04-29T07:17:59","date_gmt":"2026-04-29T07:17:59","guid":{"rendered":"https:\/\/vigilant-ishizaka.135-125-119-145.plesk.page\/?page_id=193"},"modified":"2026-04-29T08:54:39","modified_gmt":"2026-04-29T08:54:39","slug":"servicios","status":"publish","type":"page","link":"https:\/\/mtgroundlink.com\/es\/servicios\/","title":{"rendered":"Servicios"},"content":{"rendered":"<div data-elementor-type=\"wp-page\" data-elementor-id=\"193\" class=\"elementor elementor-193\" data-elementor-post-type=\"page\">\n\t\t\t\t<div class=\"elementor-element elementor-element-1ede8819 e-con-full e-flex e-con e-parent\" data-id=\"1ede8819\" data-element_type=\"container\" data-e-type=\"container\" data-settings=\"{&quot;background_background&quot;:&quot;classic&quot;}\">\n\t\t<div class=\"elementor-element elementor-element-43b38c90 e-flex e-con-boxed e-con e-child\" data-id=\"43b38c90\" data-element_type=\"container\" data-e-type=\"container\">\n\t\t\t\t\t<div class=\"e-con-inner\">\n\t\t\t\t<div class=\"elementor-element elementor-element-6c1e3a65 elementor-widget elementor-widget-spacer\" data-id=\"6c1e3a65\" data-element_type=\"widget\" data-e-type=\"widget\" data-widget_type=\"spacer.default\">\n\t\t\t\t\t\t\t<div class=\"elementor-spacer\">\n\t\t\t<div class=\"elementor-spacer-inner\"><\/div>\n\t\t<\/div>\n\t\t\t\t\t\t<\/div>\n\t\t\t\t<div class=\"elementor-element elementor-element-6e230f4a elementor-invisible elementor-widget elementor-widget-heading\" data-id=\"6e230f4a\" data-element_type=\"widget\" data-e-type=\"widget\" data-settings=\"{&quot;_animation&quot;:&quot;fadeInDown&quot;}\" data-widget_type=\"heading.default\">\n\t\t\t\t\t<h6 class=\"elementor-heading-title elementor-size-default\">Nuestra experiencia<\/h6>\t\t\t\t<\/div>\n\t\t\t\t<div class=\"elementor-element elementor-element-348688df elementor-invisible elementor-widget elementor-widget-heading\" data-id=\"348688df\" data-element_type=\"widget\" data-e-type=\"widget\" data-settings=\"{&quot;_animation&quot;:&quot;fadeInUp&quot;}\" data-widget_type=\"heading.default\">\n\t\t\t\t\t<h1 class=\"elementor-heading-title elementor-size-default\">Servicios<\/h1>\t\t\t\t<\/div>\n\t\t\t\t<div class=\"elementor-element elementor-element-40493c7e elementor-widget-divider--view-line elementor-invisible elementor-widget elementor-widget-divider\" data-id=\"40493c7e\" data-element_type=\"widget\" data-e-type=\"widget\" data-settings=\"{&quot;_animation&quot;:&quot;fadeIn&quot;,&quot;_animation_delay&quot;:200}\" data-widget_type=\"divider.default\">\n\t\t\t\t\t\t\t<div class=\"elementor-divider\">\n\t\t\t<span class=\"elementor-divider-separator\">\n\t\t\t\t\t\t<\/span>\n\t\t<\/div>\n\t\t\t\t\t\t<\/div>\n\t\t\t\t<div class=\"elementor-element elementor-element-396bf090 elementor-widget elementor-widget-spacer\" data-id=\"396bf090\" data-element_type=\"widget\" data-e-type=\"widget\" data-widget_type=\"spacer.default\">\n\t\t\t\t\t\t\t<div class=\"elementor-spacer\">\n\t\t\t<div class=\"elementor-spacer-inner\"><\/div>\n\t\t<\/div>\n\t\t\t\t\t\t<\/div>\n\t\t\t\t<div class=\"elementor-element elementor-element-56036c11 elementor-invisible elementor-widget elementor-widget-text-editor\" data-id=\"56036c11\" data-element_type=\"widget\" data-e-type=\"widget\" data-settings=\"{&quot;_animation&quot;:&quot;fadeInUp&quot;,&quot;_animation_delay&quot;:300}\" data-widget_type=\"text-editor.default\">\n\t\t\t\t\t\t\t\t\t<p>Amplia representaci\u00f3n comercial para la asistencia en tierra<br \/>y servicios de apoyo a la aviaci\u00f3n.<\/p>\t\t\t\t\t\t\t\t<\/div>\n\t\t\t\t<div class=\"elementor-element elementor-element-4cd88857 elementor-widget elementor-widget-spacer\" data-id=\"4cd88857\" data-element_type=\"widget\" data-e-type=\"widget\" data-widget_type=\"spacer.default\">\n\t\t\t\t\t\t\t<div class=\"elementor-spacer\">\n\t\t\t<div class=\"elementor-spacer-inner\"><\/div>\n\t\t<\/div>\n\t\t\t\t\t\t<\/div>\n\t\t\t\t\t<\/div>\n\t\t\t\t<\/div>\n\t\t\t\t<\/div>\n\t\t<div class=\"elementor-element elementor-element-23b46be e-con-full e-flex e-con e-parent\" data-id=\"23b46be\" data-element_type=\"container\" data-e-type=\"container\" data-settings=\"{&quot;background_background&quot;:&quot;classic&quot;}\">\n\t\t<div class=\"elementor-element elementor-element-39e6878f e-flex e-con-boxed e-con e-child\" data-id=\"39e6878f\" data-element_type=\"container\" data-e-type=\"container\">\n\t\t\t\t\t<div class=\"e-con-inner\">\n\t\t\t\t<div class=\"elementor-element elementor-element-3ca2838b elementor-invisible elementor-widget elementor-widget-heading\" data-id=\"3ca2838b\" data-element_type=\"widget\" data-e-type=\"widget\" data-settings=\"{&quot;_animation&quot;:&quot;fadeIn&quot;}\" data-widget_type=\"heading.default\">\n\t\t\t\t\t<h6 class=\"elementor-heading-title elementor-size-default\">Nuestro enfoque<\/h6>\t\t\t\t<\/div>\n\t\t\t\t<div class=\"elementor-element elementor-element-36e4a0a animated-slow elementor-invisible elementor-widget elementor-widget-heading\" data-id=\"36e4a0a\" data-element_type=\"widget\" data-e-type=\"widget\" data-settings=\"{&quot;_animation&quot;:&quot;fadeInDown&quot;}\" data-widget_type=\"heading.default\">\n\t\t\t\t\t<h2 class=\"elementor-heading-title elementor-size-default\">C\u00f3mo trabajamos<\/h2>\t\t\t\t<\/div>\n\t\t\t\t<div class=\"elementor-element elementor-element-55cce733 elementor-widget-divider--view-line elementor-widget elementor-widget-divider\" data-id=\"55cce733\" data-element_type=\"widget\" data-e-type=\"widget\" data-widget_type=\"divider.default\">\n\t\t\t\t\t\t\t<div class=\"elementor-divider\">\n\t\t\t<span class=\"elementor-divider-separator\">\n\t\t\t\t\t\t<\/span>\n\t\t<\/div>\n\t\t\t\t\t\t<\/div>\n\t\t\t\t<div class=\"elementor-element elementor-element-4f5ee48a elementor-widget elementor-widget-spacer\" data-id=\"4f5ee48a\" data-element_type=\"widget\" data-e-type=\"widget\" data-widget_type=\"spacer.default\">\n\t\t\t\t\t\t\t<div class=\"elementor-spacer\">\n\t\t\t<div class=\"elementor-spacer-inner\"><\/div>\n\t\t<\/div>\n\t\t\t\t\t\t<\/div>\n\t\t\t\t<div class=\"elementor-element elementor-element-383c9bf2 animated-slow elementor-invisible elementor-widget elementor-widget-html\" data-id=\"383c9bf2\" data-element_type=\"widget\" data-e-type=\"widget\" data-settings=\"{&quot;_animation&quot;:&quot;fadeIn&quot;}\" data-widget_type=\"html.default\">\n\t\t\t\t\t<div class=\"mtgl-method\">\n<div class=\"mtgl-mstep\"><div class=\"mtgl-mstep-line\"><\/div><div class=\"mtgl-mstep-num\">01<\/div><h4>Evaluaci\u00f3n<\/h4><p>An\u00e1lisis en profundidad de sus actuales requisitos de asistencia en tierra y necesidades operativas.<\/p><\/div>\n<div class=\"mtgl-mstep\"><div class=\"mtgl-mstep-line\"><\/div><div class=\"mtgl-mstep-num\">02<\/div><h4>Estrategia<\/h4><p>Plan de servicio personalizado que aprovecha la completa cartera de soluciones de Flyseg.<\/p><\/div>\n<div class=\"mtgl-mstep\"><div class=\"mtgl-mstep-line\"><\/div><div class=\"mtgl-mstep-num\">03<\/div><h4>Aplicaci\u00f3n<\/h4><p>Implantaci\u00f3n perfecta con gesti\u00f3n y supervisi\u00f3n de proyectos espec\u00edficas.<\/p><\/div>\n<div class=\"mtgl-mstep\"><div class=\"mtgl-mstep-num\">04<\/div><h4>Optimizaci\u00f3n<\/h4><p>Supervisi\u00f3n continua del rendimiento, elaboraci\u00f3n de informes y mejora del servicio.<\/p><\/div>\n<\/div>\n<style>\n.mtgl-method{display:grid;grid-template-columns:repeat(4,1fr);gap:0;border:1px solid #E5E7EB}\n.mtgl-mstep{padding:40px 30px;border-right:1px solid #E5E7EB;position:relative;transition:all .4s ease}\n.mtgl-mstep:last-child{border-right:none}\n.mtgl-mstep:hover{background:#FAFAF8}\n.mtgl-mstep-line{width:40px;height:2px;background:#B8960B;margin-bottom:20px}\n.mtgl-mstep-num{font-family:'Playfair Display',serif;font-size:36px;font-weight:700;color:#F1F3F6;margin-bottom:15px;transition:color .3s ease}\n.mtgl-mstep:hover .mtgl-mstep-num{color:#E8E0C8}\n.mtgl-mstep h4{font-family:'Playfair Display',serif;font-size:20px;font-weight:600;color:#0A1628;margin:0 0 10px}\n.mtgl-mstep p{font-family:'Inter',sans-serif;font-size:13px;color:#6B7280;line-height:1.7;margin:0}\n@media(max-width:768px){.mtgl-method{grid-template-columns:1fr}.mtgl-mstep{border-right:none;border-bottom:1px solid #E5E7EB}}\n<\/style>\t\t\t\t<\/div>\n\t\t\t\t\t<\/div>\n\t\t\t\t<\/div>\n\t\t\t\t<\/div>\n\t\t<div class=\"elementor-element elementor-element-167355dd e-con-full e-flex e-con e-parent\" data-id=\"167355dd\" data-element_type=\"container\" data-e-type=\"container\" data-settings=\"{&quot;background_background&quot;:&quot;classic&quot;}\">\n\t\t<div class=\"elementor-element elementor-element-2ee5e62d e-flex e-con-boxed e-con e-child\" data-id=\"2ee5e62d\" data-element_type=\"container\" data-e-type=\"container\">\n\t\t\t\t\t<div class=\"e-con-inner\">\n\t\t\t\t<div class=\"elementor-element elementor-element-439634a1 elementor-widget elementor-widget-spacer\" data-id=\"439634a1\" data-element_type=\"widget\" data-e-type=\"widget\" data-widget_type=\"spacer.default\">\n\t\t\t\t\t\t\t<div class=\"elementor-spacer\">\n\t\t\t<div class=\"elementor-spacer-inner\"><\/div>\n\t\t<\/div>\n\t\t\t\t\t\t<\/div>\n\t\t\t\t<div class=\"elementor-element elementor-element-6f34e024 animated-slow elementor-invisible elementor-widget elementor-widget-heading\" data-id=\"6f34e024\" data-element_type=\"widget\" data-e-type=\"widget\" data-settings=\"{&quot;_animation&quot;:&quot;fadeIn&quot;}\" data-widget_type=\"heading.default\">\n\t\t\t\t\t<h6 class=\"elementor-heading-title elementor-size-default\">Comenzar<\/h6>\t\t\t\t<\/div>\n\t\t\t\t<div class=\"elementor-element elementor-element-2e0a8a1e animated-slow elementor-invisible elementor-widget elementor-widget-heading\" data-id=\"2e0a8a1e\" data-element_type=\"widget\" data-e-type=\"widget\" data-settings=\"{&quot;_animation&quot;:&quot;fadeIn&quot;}\" data-widget_type=\"heading.default\">\n\t\t\t\t\t<h2 class=\"elementor-heading-title elementor-size-default\">\u00bfNecesita una soluci\u00f3n personalizada?<\/h2>\t\t\t\t<\/div>\n\t\t\t\t<div class=\"elementor-element elementor-element-540ca7a7 elementor-widget-divider--view-line elementor-widget elementor-widget-divider\" data-id=\"540ca7a7\" data-element_type=\"widget\" data-e-type=\"widget\" data-widget_type=\"divider.default\">\n\t\t\t\t\t\t\t<div class=\"elementor-divider\">\n\t\t\t<span class=\"elementor-divider-separator\">\n\t\t\t\t\t\t<\/span>\n\t\t<\/div>\n\t\t\t\t\t\t<\/div>\n\t\t\t\t<div class=\"elementor-element elementor-element-50ebca7b animated-slow elementor-invisible elementor-widget elementor-widget-text-editor\" data-id=\"50ebca7b\" data-element_type=\"widget\" data-e-type=\"widget\" data-settings=\"{&quot;_animation&quot;:&quot;fadeInDown&quot;}\" data-widget_type=\"text-editor.default\">\n\t\t\t\t\t\t\t\t\tCada operaci\u00f3n de aviaci\u00f3n es \u00fanica. P\u00f3ngase en contacto con nosotros para hablar de una representaci\u00f3n de asistencia en tierra a su medida.\t\t\t\t\t\t\t\t<\/div>\n\t\t\t\t<div class=\"elementor-element elementor-element-72b0ee2 elementor-widget elementor-widget-spacer\" data-id=\"72b0ee2\" data-element_type=\"widget\" data-e-type=\"widget\" data-widget_type=\"spacer.default\">\n\t\t\t\t\t\t\t<div class=\"elementor-spacer\">\n\t\t\t<div class=\"elementor-spacer-inner\"><\/div>\n\t\t<\/div>\n\t\t\t\t\t\t<\/div>\n\t\t<div class=\"elementor-element elementor-element-707e4cdd e-flex e-con-boxed e-con e-child\" data-id=\"707e4cdd\" data-element_type=\"container\" data-e-type=\"container\">\n\t\t\t\t\t<div class=\"e-con-inner\">\n\t\t\t\t<div class=\"elementor-element elementor-element-71fea968 elementor-align-center mtgl-btn animated-slow elementor-invisible elementor-widget elementor-widget-button\" data-id=\"71fea968\" data-element_type=\"widget\" data-e-type=\"widget\" data-settings=\"{&quot;_animation&quot;:&quot;fadeIn&quot;}\" data-widget_type=\"button.default\">\n\t\t\t\t\t\t\t\t\t\t<a class=\"elementor-button elementor-button-link elementor-size-md elementor-animation-grow\" href=\"\/es\/contacto\/\">\n\t\t\t\t\t\t<span class=\"elementor-button-content-wrapper\">\n\t\t\t\t\t\t<span class=\"elementor-button-icon\">\n\t\t\t\t<svg aria-hidden=\"true\" class=\"e-font-icon-svg e-fas-arrow-right\" viewbox=\"0 0 448 512\" xmlns=\"http:\/\/www.w3.org\/2000\/svg\"><path d=\"M190.5 66.9l22.2-22.2c9.4-9.4 24.6-9.4 33.9 0L441 239c9.4 9.4 9.4 24.6 0 33.9L246.6 467.3c-9.4 9.4-24.6 9.4-33.9 0l-22.2-22.2c-9.5-9.5-9.3-25 .4-34.3L311.4 296H24c-13.3 0-24-10.7-24-24v-32c0-13.3 10.7-24 24-24h287.4L190.9 101.2c-9.8-9.3-10-24.8-.4-34.3z\"><\/path><\/svg>\t\t\t<\/span>\n\t\t\t\t\t\t\t\t\t<span class=\"elementor-button-text\">Solicitar consulta<\/span>\n\t\t\t\t\t<\/span>\n\t\t\t\t\t<\/a>\n\t\t\t\t\t\t\t\t<\/div>\n\t\t\t\t\t<\/div>\n\t\t\t\t<\/div>\n\t\t\t\t<div class=\"elementor-element elementor-element-4be4dd14 elementor-widget elementor-widget-spacer\" data-id=\"4be4dd14\" data-element_type=\"widget\" data-e-type=\"widget\" data-widget_type=\"spacer.default\">\n\t\t\t\t\t\t\t<div class=\"elementor-spacer\">\n\t\t\t<div class=\"elementor-spacer-inner\"><\/div>\n\t\t<\/div>\n\t\t\t\t\t\t<\/div>\n\t\t\t\t\t<\/div>\n\t\t\t\t<\/div>\n\t\t\t\t<\/div>\n\t\t\t\t<\/div>","protected":false},"excerpt":{"rendered":"<p>Our Expertise Services Comprehensive commercial representation for ground handlingand aviation support services. Our Approach How We Work 01 Assessment In-depth analysis of your current ground handling requirements and operational needs. 02 Strategy Customized service plan leveraging Flyseg&#8217;s comprehensive solution portfolio. 03 Implementation Seamless deployment with dedicated project management and oversight. 04 Optimization Continuous performance monitoring, [&hellip;]<\/p>\n","protected":false},"author":1,"featured_media":0,"parent":0,"menu_order":0,"comment_status":"closed","ping_status":"closed","template":"","meta":{"footnotes":""},"class_list":["post-193","page","type-page","status-publish","hentry"],"_links":{"self":[{"href":"https:\/\/mtgroundlink.com\/es\/wp-json\/wp\/v2\/pages\/193","targetHints":{"allow":["GET"]}}],"collection":[{"href":"https:\/\/mtgroundlink.com\/es\/wp-json\/wp\/v2\/pages"}],"about":[{"href":"https:\/\/mtgroundlink.com\/es\/wp-json\/wp\/v2\/types\/page"}],"author":[{"embeddable":true,"href":"https:\/\/mtgroundlink.com\/es\/wp-json\/wp\/v2\/users\/1"}],"replies":[{"embeddable":true,"href":"https:\/\/mtgroundlink.com\/es\/wp-json\/wp\/v2\/comments?post=193"}],"version-history":[{"count":26,"href":"https:\/\/mtgroundlink.com\/es\/wp-json\/wp\/v2\/pages\/193\/revisions"}],"predecessor-version":[{"id":331,"href":"https:\/\/mtgroundlink.com\/es\/wp-json\/wp\/v2\/pages\/193\/revisions\/331"}],"wp:attachment":[{"href":"https:\/\/mtgroundlink.com\/es\/wp-json\/wp\/v2\/media?parent=193"}],"curies":[{"name":"wp","href":"https:\/\/api.w.org\/{rel}","templated":true}]}}